{"id":5718,"date":"2025-07-09T12:10:43","date_gmt":"2025-07-09T10:10:43","guid":{"rendered":"https:\/\/mobilepocket.fondalabs.dev\/piattaforma-di-fidelizzazione-clienti\/vorteile\/"},"modified":"2025-08-18T09:28:14","modified_gmt":"2025-08-18T07:28:14","slug":"vantaggi","status":"publish","type":"page","link":"https:\/\/mobilepocket.fondalabs.dev\/it\/piattaforma-di-fidelizzazione-clienti\/vantaggi\/","title":{"rendered":"Vantaggi"},"content":{"rendered":"","protected":false},"excerpt":{"rendered":"","protected":false},"author":3,"featured_media":0,"parent":5715,"menu_order":2,"comment_status":"closed","ping_status":"closed","template":"","meta":{"_acf_changed":false,"footnotes":""},"class_list":["post-5718","page","type-page","status-publish","hentry"],"acf":[],"yoast_head":"<!-- This site is optimized with the Yoast SEO plugin v25.3.1 - https:\/\/yoast.com\/wordpress\/plugins\/seo\/ -->\n<title>Perch\u00e9 mobile-pocket | piattaforma di fidelizzazione clienti<\/title>\n<meta name=\"description\" content=\"Scopri perch\u00e9 mobile-pocket \u00e8 la soluzione ideale per aziende di ogni dimensione: pronta all\u2019uso e efficace nella fidelizzazione clienti.\" \/>\n<meta name=\"robots\" content=\"noindex, follow, max-snippet:-1, max-image-preview:large, max-video-preview:-1\" \/>\n<meta property=\"og:locale\" content=\"it_IT\" \/>\n<meta property=\"og:type\" content=\"article\" \/>\n<meta property=\"og:title\" content=\"Perch\u00e9 mobile-pocket \u2013 la tua piattaforma per la fidelizzazione digitale dei clienti\" \/>\n<meta property=\"og:description\" content=\"Scopri perch\u00e9 mobile-pocket \u00e8 la soluzione ideale per aziende di ogni dimensione: pronta all\u2019uso e efficace nella fidelizzazione clienti.\" \/>\n<meta property=\"og:url\" content=\"https:\/\/mobilepocket.fondalabs.dev\/it\/piattaforma-di-fidelizzazione-clienti\/vantaggi\/\" \/>\n<meta property=\"og:site_name\" content=\"mobile-pocket\" \/>\n<meta property=\"article:modified_time\" content=\"2025-08-18T07:28:14+00:00\" \/>\n<meta property=\"og:image\" content=\"https:\/\/mobilepocket.fondalabs.dev\/wp-content\/uploads\/2025\/07\/mobile-pocket-warum.jpg\" \/>\n\t<meta property=\"og:image:width\" content=\"1200\" \/>\n\t<meta property=\"og:image:height\" content=\"630\" \/>\n\t<meta property=\"og:image:type\" content=\"image\/jpeg\" \/>\n<meta name=\"twitter:card\" content=\"summary_large_image\" \/>\n<meta name=\"twitter:title\" content=\"Perch\u00e9 mobile-pocket \u2013 la tua piattaforma per la fidelizzazione digitale dei clienti\" \/>\n<meta name=\"twitter:description\" content=\"Scopri perch\u00e9 mobile-pocket \u00e8 la soluzione ideale per aziende di ogni dimensione: pronta all\u2019uso e efficace nella fidelizzazione clienti.\" \/>\n<meta name=\"twitter:image\" content=\"https:\/\/mobilepocket.fondalabs.dev\/wp-content\/uploads\/2025\/07\/mobile-pocket-warum.jpg\" \/>\n<meta name=\"twitter:label1\" content=\"Tempo di lettura stimato\" \/>\n\t<meta name=\"twitter:data1\" content=\"6 minuti\" \/>\n<script type=\"application\/ld+json\" class=\"yoast-schema-graph\">{\"@context\":\"https:\/\/schema.org\",\"@graph\":[{\"@type\":\"WebPage\",\"@id\":\"https:\/\/mobilepocket.fondalabs.dev\/it\/piattaforma-di-fidelizzazione-clienti\/vantaggi\/\",\"url\":\"https:\/\/mobilepocket.fondalabs.dev\/it\/piattaforma-di-fidelizzazione-clienti\/vantaggi\/\",\"name\":\"Perch\u00e9 mobile-pocket | piattaforma di fidelizzazione clienti\",\"isPartOf\":{\"@id\":\"https:\/\/mobilepocket.fondalabs.dev\/it\/#website\"},\"datePublished\":\"2025-07-09T10:10:43+00:00\",\"dateModified\":\"2025-08-18T07:28:14+00:00\",\"description\":\"Scopri perch\u00e9 mobile-pocket \u00e8 la soluzione ideale per aziende di ogni dimensione: pronta all\u2019uso e efficace nella fidelizzazione clienti.\",\"breadcrumb\":{\"@id\":\"https:\/\/mobilepocket.fondalabs.dev\/it\/piattaforma-di-fidelizzazione-clienti\/vantaggi\/#breadcrumb\"},\"inLanguage\":\"it-IT\",\"potentialAction\":[{\"@type\":\"ReadAction\",\"target\":[\"https:\/\/mobilepocket.fondalabs.dev\/it\/piattaforma-di-fidelizzazione-clienti\/vantaggi\/\"]}]},{\"@type\":\"BreadcrumbList\",\"@id\":\"https:\/\/mobilepocket.fondalabs.dev\/it\/piattaforma-di-fidelizzazione-clienti\/vantaggi\/#breadcrumb\",\"itemListElement\":[{\"@type\":\"ListItem\",\"position\":1,\"name\":\"Home\",\"item\":\"https:\/\/mobilepocket.fondalabs.dev\/it\/startseite\/\"},{\"@type\":\"ListItem\",\"position\":2,\"name\":\"Piattaforma di fidelizzazione clienti\",\"item\":\"https:\/\/mobilepocket.fondalabs.dev\/it\/piattaforma-di-fidelizzazione-clienti\/\"},{\"@type\":\"ListItem\",\"position\":3,\"name\":\"Vantaggi\"}]},{\"@type\":\"WebSite\",\"@id\":\"https:\/\/mobilepocket.fondalabs.dev\/it\/#website\",\"url\":\"https:\/\/mobilepocket.fondalabs.dev\/it\/\",\"name\":\"mobile-pocket\",\"description\":\"Kundenkarten App\",\"potentialAction\":[{\"@type\":\"SearchAction\",\"target\":{\"@type\":\"EntryPoint\",\"urlTemplate\":\"https:\/\/mobilepocket.fondalabs.dev\/it\/?s={search_term_string}\"},\"query-input\":{\"@type\":\"PropertyValueSpecification\",\"valueRequired\":true,\"valueName\":\"search_term_string\"}}],\"inLanguage\":\"it-IT\"}]}<\/script>\n<!-- \/ Yoast SEO plugin. -->","yoast_head_json":{"title":"Perch\u00e9 mobile-pocket | piattaforma di fidelizzazione clienti","description":"Scopri perch\u00e9 mobile-pocket \u00e8 la soluzione ideale per aziende di ogni dimensione: pronta all\u2019uso e efficace nella fidelizzazione clienti.","robots":{"index":"noindex","follow":"follow","max-snippet":"max-snippet:-1","max-image-preview":"max-image-preview:large","max-video-preview":"max-video-preview:-1"},"og_locale":"it_IT","og_type":"article","og_title":"Perch\u00e9 mobile-pocket \u2013 la tua piattaforma per la fidelizzazione digitale dei clienti","og_description":"Scopri perch\u00e9 mobile-pocket \u00e8 la soluzione ideale per aziende di ogni dimensione: pronta all\u2019uso e efficace nella fidelizzazione clienti.","og_url":"https:\/\/mobilepocket.fondalabs.dev\/it\/piattaforma-di-fidelizzazione-clienti\/vantaggi\/","og_site_name":"mobile-pocket","article_modified_time":"2025-08-18T07:28:14+00:00","og_image":[{"width":1200,"height":630,"url":"https:\/\/mobilepocket.fondalabs.dev\/wp-content\/uploads\/2025\/07\/mobile-pocket-warum.jpg","type":"image\/jpeg"}],"twitter_card":"summary_large_image","twitter_title":"Perch\u00e9 mobile-pocket \u2013 la tua piattaforma per la fidelizzazione digitale dei clienti","twitter_description":"Scopri perch\u00e9 mobile-pocket \u00e8 la soluzione ideale per aziende di ogni dimensione: pronta all\u2019uso e efficace nella fidelizzazione clienti.","twitter_image":"https:\/\/mobilepocket.fondalabs.dev\/wp-content\/uploads\/2025\/07\/mobile-pocket-warum.jpg","twitter_misc":{"Tempo di lettura stimato":"6 minuti"},"schema":{"@context":"https:\/\/schema.org","@graph":[{"@type":"WebPage","@id":"https:\/\/mobilepocket.fondalabs.dev\/it\/piattaforma-di-fidelizzazione-clienti\/vantaggi\/","url":"https:\/\/mobilepocket.fondalabs.dev\/it\/piattaforma-di-fidelizzazione-clienti\/vantaggi\/","name":"Perch\u00e9 mobile-pocket | piattaforma di fidelizzazione clienti","isPartOf":{"@id":"https:\/\/mobilepocket.fondalabs.dev\/it\/#website"},"datePublished":"2025-07-09T10:10:43+00:00","dateModified":"2025-08-18T07:28:14+00:00","description":"Scopri perch\u00e9 mobile-pocket \u00e8 la soluzione ideale per aziende di ogni dimensione: pronta all\u2019uso e efficace nella fidelizzazione clienti.","breadcrumb":{"@id":"https:\/\/mobilepocket.fondalabs.dev\/it\/piattaforma-di-fidelizzazione-clienti\/vantaggi\/#breadcrumb"},"inLanguage":"it-IT","potentialAction":[{"@type":"ReadAction","target":["https:\/\/mobilepocket.fondalabs.dev\/it\/piattaforma-di-fidelizzazione-clienti\/vantaggi\/"]}]},{"@type":"BreadcrumbList","@id":"https:\/\/mobilepocket.fondalabs.dev\/it\/piattaforma-di-fidelizzazione-clienti\/vantaggi\/#breadcrumb","itemListElement":[{"@type":"ListItem","position":1,"name":"Home","item":"https:\/\/mobilepocket.fondalabs.dev\/it\/startseite\/"},{"@type":"ListItem","position":2,"name":"Piattaforma di fidelizzazione clienti","item":"https:\/\/mobilepocket.fondalabs.dev\/it\/piattaforma-di-fidelizzazione-clienti\/"},{"@type":"ListItem","position":3,"name":"Vantaggi"}]},{"@type":"WebSite","@id":"https:\/\/mobilepocket.fondalabs.dev\/it\/#website","url":"https:\/\/mobilepocket.fondalabs.dev\/it\/","name":"mobile-pocket","description":"Kundenkarten App","potentialAction":[{"@type":"SearchAction","target":{"@type":"EntryPoint","urlTemplate":"https:\/\/mobilepocket.fondalabs.dev\/it\/?s={search_term_string}"},"query-input":{"@type":"PropertyValueSpecification","valueRequired":true,"valueName":"search_term_string"}}],"inLanguage":"it-IT"}]}},"_links":{"self":[{"href":"https:\/\/mobilepocket.fondalabs.dev\/it\/wp-json\/wp\/v2\/pages\/5718","targetHints":{"allow":["GET"]}}],"collection":[{"href":"https:\/\/mobilepocket.fondalabs.dev\/it\/wp-json\/wp\/v2\/pages"}],"about":[{"href":"https:\/\/mobilepocket.fondalabs.dev\/it\/wp-json\/wp\/v2\/types\/page"}],"author":[{"embeddable":true,"href":"https:\/\/mobilepocket.fondalabs.dev\/it\/wp-json\/wp\/v2\/users\/3"}],"replies":[{"embeddable":true,"href":"https:\/\/mobilepocket.fondalabs.dev\/it\/wp-json\/wp\/v2\/comments?post=5718"}],"version-history":[{"count":3,"href":"https:\/\/mobilepocket.fondalabs.dev\/it\/wp-json\/wp\/v2\/pages\/5718\/revisions"}],"predecessor-version":[{"id":8545,"href":"https:\/\/mobilepocket.fondalabs.dev\/it\/wp-json\/wp\/v2\/pages\/5718\/revisions\/8545"}],"up":[{"embeddable":true,"href":"https:\/\/mobilepocket.fondalabs.dev\/it\/wp-json\/wp\/v2\/pages\/5715"}],"wp:attachment":[{"href":"https:\/\/mobilepocket.fondalabs.dev\/it\/wp-json\/wp\/v2\/media?parent=5718"}],"curies":[{"name":"wp","href":"https:\/\/api.w.org\/{rel}","templated":true}]}}